{"id":226,"date":"2016-03-10T18:04:24","date_gmt":"2016-03-10T17:04:24","guid":{"rendered":"http:\/\/www.t-egner.de\/?page_id=226"},"modified":"2016-07-20T16:13:13","modified_gmt":"2016-07-20T14:13:13","slug":"i-am","status":"publish","type":"page","link":"http:\/\/product.t-egner.de\/?page_id=226","title":{"rendered":"Myself"},"content":{"rendered":"<p><img decoding=\"async\" loading=\"lazy\" class=\"alignnone size-medium wp-image-244\" src=\"http:\/\/www.t-egner.de\/wp-content\/uploads\/myself-300x300.png\" alt=\"myself\" width=\"300\" height=\"300\" srcset=\"http:\/\/product.t-egner.de\/wp-content\/uploads\/myself-300x300.png 300w, http:\/\/product.t-egner.de\/wp-content\/uploads\/myself-150x150.png 150w, http:\/\/product.t-egner.de\/wp-content\/uploads\/myself-400x400.png 400w, http:\/\/product.t-egner.de\/wp-content\/uploads\/myself.png 800w\" sizes=\"(max-width: 300px) 100vw, 300px\" \/><\/p>\n<p>Hello my name is&#8230;. Thomas Egner.<br \/>\nDas kennt man doch, von diesen &#8222;Aufklebern&#8220;, die man sich auf den Pullover\u00a0klebt\u00a0und sich dann unbeholfen unter die Menge mischt. Man stellt sich vor und keiner wei\u00df, bis auf deinen Namen und deinem Aussehen, wer man wirklich ist. Um diesen Fragen ein wenig vorzubeugen, hier ein klein wenig Meinerseits:<\/p>\n<p>Vorab, ich\u00a0hatte schon immer das Verlangen Dinge zu kreieren, die Verbindungen aus meiner Umwelt eingehen. Viele meiner Erkenntnisse und Umsetzungen, ziehe ich aus meiner Umgebung und forme sie so lange neu, bis sie in mein Gesamtbild passen. Ich beobachte Dinge gerne ergiebig. Anschlie\u00dfend recherchiere ich ausf\u00fchrlich. Dies ist meiner Meinung nach ein guter Weg zum Erfolg. Schon fr\u00fch hatte ich auch eine Affinit\u00e4t gegen\u00fcber der Technik entwickelt und erfreue mich auch heute modernste Technologien einzusetzen.<\/p>\n<p>Momentan lebe ich der sch\u00f6nen historischen Kleinstadt Coburg.<\/p>\n<p>Meine Hobbys sind:<\/p>\n<p>Flexibel zu sein und herumzureisen. Ich lese gerne in meiner Freizeit. Begeistere mich f\u00fcr\u00a0moderne Technik und Materialien. Zum Ausgleich meiner oft vor dem Schreibtisch verbringenden T\u00e4tigkeiten, betreibe ich Sport. Auch kniffelige Computerspiele bringen mich auf neue Ideen und sind eine genussvolle Ablenkung.<\/p>\n<p>Mein Interesse f\u00fcr Form und Design hat sich im Laufe der Zeit immer weiter ausgepr\u00e4gt.<\/p>\n<p>An der Hochschule Coburg verbrachte ich mein Studium im Bereich\u00a0Integriertes Produktdesign. Wichtig war mir dabei die Zusammenarbeit mit Firmen zu gewinnen. Dies beinhaltet folglich auch das Wort &#8222;Integriert&#8220;, mit dem ich auch in meinem Studiengang konfrontiert werde.<\/p>\n<p>Im Laufe meines Studiums hielt ich mein Praxissemster bei der Firma Aichinger GmbH bei N\u00fcrnberg ab.\u00a0Dies hat mir gro\u00dfen Spa\u00df gemacht. Auch konnte ich so Einblicke in die t\u00e4gliche Arbeit eines Produktdesigner\u00b4s gewinnen. Zudem wurde es mir erm\u00f6glicht, endlich aktiv mein Wissen anzuwenden. Dies f\u00fchrte bei beiderlei Seiten zu gro\u00dfem Erfolg.<\/p>\n<p>Seid dem war ich mir mehr als sicher, meinen Lebensweg gefunden zu haben.<\/p>\n<p>Im Moment stehe ich vor meiner Bachelorarbeit und bin auf der Suche nach Wissen und Unterst\u00fctzung.<\/p>\n<p>Um mehr \u00fcber mich zu erfahren oder Interesse an meinen Produkten kund zu tun, k\u00f6nnen Sie mich gerne kontaktieren.<\/p>\n<p>Mit freundlichen Gr\u00fc\u00dfen.<\/p>\n<p>Thomas Egner<br \/>\nIntegriertes Produktdesign<br \/>\nRosengasse 11<br \/>\n96450 Coburg<\/p>\n<p>E: design@t-egner.de<\/p>\n<p>Skillz:<\/p>\n<p>\u25ac\u25ac\u25ac\u25ac\u25ac\u25ac\u25ac\u25ac\u25ac\u25ac\u25ac\u25ac\u25ac \u00a0 \u00a0 \u00a0 \u00a0 \u00a0 \u00a0SOLID WORKS (CAD)<\/p>\n<p>\u25ac\u25ac\u25ac\u25ac\u25ac\u25ac\u25ac\u25ac\u25ac\u25ac \u00a0 \u00a0 \u00a0 \u00a0 \u00a0 \u00a0 \u00a0 \u00a0 \u00a0 \u00a0 \u00a0 \u00a0RHINO (CAD)<\/p>\n<p>\u25ac\u25ac\u25ac\u25ac\u25ac\u25ac\u25ac\u25ac\u25ac \u00a0 \u00a0 \u00a0 \u00a0 \u00a0 \u00a0 \u00a0 \u00a0 \u00a0 \u00a0 \u00a0 \u00a0 \u00a0 \u00a0CINEMA 4D (CAD)<\/p>\n<p>\u25ac\u25ac\u25ac\u25ac\u25ac\u25ac\u25ac\u25ac\u25ac\u25ac\u25ac\u25ac\u25ac \u00a0 \u00a0 \u00a0 \u00a0 \u00a0 \u00a0KEYSHOT (Render)<\/p>\n<p>\u25ac\u25ac\u25ac\u25ac\u25ac\u25ac\u25ac\u25ac\u25ac\u25ac\u25ac\u25ac \u00a0 \u00a0 \u00a0 \u00a0 \u00a0 \u00a0 \u00a0 \u00a0PHOTOSHOP (Bildebearbeitung)<\/p>\n<p>\u25ac\u25ac\u25ac\u25ac\u25ac\u25ac\u25ac\u25ac\u25ac\u25ac\u25ac\u25ac\u25ac \u00a0 \u00a0 \u00a0 \u00a0 \u00a0 \u00a0ILLUSTRATOR (Vektorerstellung)<\/p>\n<p>\u25ac\u25ac\u25ac\u25ac\u25ac\u25ac\u25ac\u25ac\u25ac\u25ac\u25ac\u25ac\u25ac \u00a0 \u00a0 \u00a0 \u00a0 \u00a0 \u00a0INDESIGN (Layout, Grafik Erstellung)<\/p>\n<p>\u25ac\u25ac\u25ac\u25ac\u25ac\u25ac \u00a0 \u00a0 \u00a0 \u00a0 \u00a0 \u00a0 \u00a0 \u00a0 \u00a0 \u00a0 \u00a0 \u00a0 \u00a0 \u00a0 \u00a0 \u00a0 \u00a0 \u00a0 \u00a0 HOMEPAGE (CSS, HTML, PHP)<\/p>\n<p>&nbsp;<\/p>\n<p>&nbsp;<\/p>\n","protected":false},"excerpt":{"rendered":"<p>Hello my name is&#8230;. Thomas Egner. Das kennt man doch, von diesen &#8222;Aufklebern&#8220;, die man sich auf den Pullover\u00a0klebt\u00a0und sich dann unbeholfen unter die Menge mischt. Man stellt sich vor und keiner wei\u00df, bis auf deinen Namen und deinem Aussehen, wer man wirklich ist. Um diesen Fragen ein wenig vorzubeugen, hier ein klein wenig Meinerseits: &hellip; <\/p>\n<p class=\"link-more\"><a href=\"http:\/\/product.t-egner.de\/?page_id=226\" class=\"more-link\"><span class=\"screen-reader-text\">\u201eMyself\u201c<\/span> weiterlesen<\/a><\/p>\n","protected":false},"author":1,"featured_media":0,"parent":0,"menu_order":0,"comment_status":"closed","ping_status":"closed","template":"","meta":[],"_links":{"self":[{"href":"http:\/\/product.t-egner.de\/index.php?rest_route=\/wp\/v2\/pages\/226"}],"collection":[{"href":"http:\/\/product.t-egner.de\/index.php?rest_route=\/wp\/v2\/pages"}],"about":[{"href":"http:\/\/product.t-egner.de\/index.php?rest_route=\/wp\/v2\/types\/page"}],"author":[{"embeddable":true,"href":"http:\/\/product.t-egner.de\/index.php?rest_route=\/wp\/v2\/users\/1"}],"replies":[{"embeddable":true,"href":"http:\/\/product.t-egner.de\/index.php?rest_route=%2Fwp%2Fv2%2Fcomments&post=226"}],"version-history":[{"count":18,"href":"http:\/\/product.t-egner.de\/index.php?rest_route=\/wp\/v2\/pages\/226\/revisions"}],"predecessor-version":[{"id":378,"href":"http:\/\/product.t-egner.de\/index.php?rest_route=\/wp\/v2\/pages\/226\/revisions\/378"}],"wp:attachment":[{"href":"http:\/\/product.t-egner.de\/index.php?rest_route=%2Fwp%2Fv2%2Fmedia&parent=226"}],"curies":[{"name":"wp","href":"https:\/\/api.w.org\/{rel}","templated":true}]}}