{"id":222,"date":"2016-03-10T17:45:43","date_gmt":"2016-03-10T16:45:43","guid":{"rendered":"http:\/\/www.t-egner.de\/?page_id=222"},"modified":"2016-03-10T17:46:11","modified_gmt":"2016-03-10T16:46:11","slug":"produkt-design","status":"publish","type":"page","link":"http:\/\/product.t-egner.de\/?page_id=222","title":{"rendered":"Produkt Design"},"content":{"rendered":"<h2><span id=\"Der_Begriff_Produktdesign\" class=\"mw-headline\">Der Begriff Produktdesign<\/span><\/h2>\n<p>Industriedesign, Produktdesign oder Produktgestaltung sind Synonyme. Fachbereiche an Fachhochschulen und Hochschulen tragen entsprechende Namen und vergeben nach dem Studium das Diplom (oder Bachelor\/Master) &#8222;Diplom-Designer&#8220; oder &#8222;Diplom-Designer (FH)&#8220;.<\/p>\n<p>Der Begriff Produktdesign ist nicht gesch\u00fctzt. Die Einf\u00fchrung eines Ausbildungsberufes namens &#8222;<a title=\"Technischer Produktdesigner\" href=\"https:\/\/de.wikipedia.org\/wiki\/Technischer_Produktdesigner\">Technischer Produktdesigner<\/a>&#8220; f\u00fchrt somit leicht in die Irre. Dieser entspricht weitestgehend dem bisherigen Beruf des technischen Zeichners und hat in der Fachrichtung &#8222;Maschinen- &amp; Anlagenkostruktion&#8220; mit der gestalterischen T\u00e4tigkeit des Produktdesigners nichts zu tun. Dieser Imagetransfer wurde von Designverb\u00e4nden kritisiert, die eine Verwechslung zwischen Produktdesigner und Technischer Produktdesigner f\u00fcrchten.<\/p>\n","protected":false},"excerpt":{"rendered":"<p>Der Begriff Produktdesign Industriedesign, Produktdesign oder Produktgestaltung sind Synonyme. Fachbereiche an Fachhochschulen und Hochschulen tragen entsprechende Namen und vergeben nach dem Studium das Diplom (oder Bachelor\/Master) &#8222;Diplom-Designer&#8220; oder &#8222;Diplom-Designer (FH)&#8220;. Der Begriff Produktdesign ist nicht gesch\u00fctzt. Die Einf\u00fchrung eines Ausbildungsberufes namens &#8222;Technischer Produktdesigner&#8220; f\u00fchrt somit leicht in die Irre. Dieser entspricht weitestgehend dem bisherigen Beruf &hellip; <\/p>\n<p class=\"link-more\"><a href=\"http:\/\/product.t-egner.de\/?page_id=222\" class=\"more-link\"><span class=\"screen-reader-text\">\u201eProdukt Design\u201c<\/span> weiterlesen<\/a><\/p>\n","protected":false},"author":1,"featured_media":0,"parent":0,"menu_order":0,"comment_status":"closed","ping_status":"closed","template":"","meta":[],"_links":{"self":[{"href":"http:\/\/product.t-egner.de\/index.php?rest_route=\/wp\/v2\/pages\/222"}],"collection":[{"href":"http:\/\/product.t-egner.de\/index.php?rest_route=\/wp\/v2\/pages"}],"about":[{"href":"http:\/\/product.t-egner.de\/index.php?rest_route=\/wp\/v2\/types\/page"}],"author":[{"embeddable":true,"href":"http:\/\/product.t-egner.de\/index.php?rest_route=\/wp\/v2\/users\/1"}],"replies":[{"embeddable":true,"href":"http:\/\/product.t-egner.de\/index.php?rest_route=%2Fwp%2Fv2%2Fcomments&post=222"}],"version-history":[{"count":1,"href":"http:\/\/product.t-egner.de\/index.php?rest_route=\/wp\/v2\/pages\/222\/revisions"}],"predecessor-version":[{"id":223,"href":"http:\/\/product.t-egner.de\/index.php?rest_route=\/wp\/v2\/pages\/222\/revisions\/223"}],"wp:attachment":[{"href":"http:\/\/product.t-egner.de\/index.php?rest_route=%2Fwp%2Fv2%2Fmedia&parent=222"}],"curies":[{"name":"wp","href":"https:\/\/api.w.org\/{rel}","templated":true}]}}